{"id":9,"date":"2024-10-21T09:17:58","date_gmt":"2024-10-21T09:17:58","guid":{"rendered":"https:\/\/alternativbutiken.se\/?page_id=9"},"modified":"2024-10-21T09:17:58","modified_gmt":"2024-10-21T09:17:58","slug":"varukorg","status":"publish","type":"page","link":"https:\/\/alternativbutiken.se\/?page_id=9","title":{"rendered":"Varukorg"},"content":{"rendered":"<div data-block-name=\"woocommerce\/cart\" class=\"wp-block-woocommerce-cart alignwide is-loading\"><div data-block-name=\"woocommerce\/filled-cart-block\" class=\"wp-block-woocommerce-filled-cart-block\"><div data-block-name=\"woocommerce\/cart-items-block\" class=\"wp-block-woocommerce-cart-items-block\"><div data-block-name=\"woocommerce\/cart-line-items-block\" class=\"wp-block-woocommerce-cart-line-items-block\"><\/div>\n\n<div data-block-name=\"woocommerce\/cart-cross-sells-block\" class=\"wp-block-woocommerce-cart-cross-sells-block\"><h2 class=\"wp-block-heading has-large-font-size\">Du kanske \u00e4r intresserad av \u2026<\/h2>\n\n<div data-block-name=\"woocommerce\/cart-cross-sells-products-block\" class=\"wp-block-woocommerce-cart-cross-sells-products-block\"><\/div><\/div><\/div>\n\n<div data-block-name=\"woocommerce\/cart-totals-block\" class=\"wp-block-woocommerce-cart-totals-block\"><div data-block-name=\"woocommerce\/cart-order-summary-block\" class=\"wp-block-woocommerce-cart-order-summary-block\"><div data-block-name=\"woocommerce\/cart-order-summary-heading-block\" class=\"wp-block-woocommerce-cart-order-summary-heading-block\"><\/div><div data-block-name=\"woocommerce\/cart-order-summary-coupon-form-block\" class=\"wp-block-woocommerce-cart-order-summary-coupon-form-block\"><\/div><div data-block-name=\"woocommerce\/cart-order-summary-totals-block\" class=\"wp-block-woocommerce-cart-order-summary-totals-block\">\n<div data-block-name=\"woocommerce\/cart-order-summary-subtotal-block\" class=\"wp-block-woocommerce-cart-order-summary-subtotal-block\"><\/div>\n<div data-block-name=\"woocommerce\/cart-order-summary-discount-block\" class=\"wp-block-woocommerce-cart-order-summary-discount-block\"><\/div>\n<div data-block-name=\"woocommerce\/cart-order-summary-fee-block\" class=\"wp-block-woocommerce-cart-order-summary-fee-block\"><\/div>\n<div data-block-name=\"woocommerce\/cart-order-summary-shipping-block\" class=\"wp-block-woocommerce-cart-order-summary-shipping-block\"><\/div>\n<div data-block-name=\"woocommerce\/cart-order-summary-taxes-block\" class=\"wp-block-woocommerce-cart-order-summary-taxes-block\"><\/div><\/div><\/div>\n\n<div data-block-name=\"woocommerce\/cart-express-payment-block\" class=\"wp-block-woocommerce-cart-express-payment-block\"><\/div>\n\n<div data-block-name=\"woocommerce\/proceed-to-checkout-block\" class=\"wp-block-woocommerce-proceed-to-checkout-block\"><\/div>\n\n<div data-block-name=\"woocommerce\/cart-accepted-payment-methods-block\" class=\"wp-block-woocommerce-cart-accepted-payment-methods-block\"><\/div><\/div><\/div>\n\n<div data-block-name=\"woocommerce\/empty-cart-block\" class=\"wp-block-woocommerce-empty-cart-block\"><h2 class=\"wp-block-heading has-text-align-center with-empty-cart-icon wc-block-cart__empty-cart__title\">Din varukorg \u00e4r f\u00f6r n\u00e4rvarande tom!<\/h2>\n\n<hr class=\"wp-block-separator has-alpha-channel-opacity is-style-dots\"\/>\n\n<h2 class=\"wp-block-heading has-text-align-center\">Nytt i butik<\/h2>\n\n<div data-block-name=\"woocommerce\/product-new\" data-columns=\"4\" data-rows=\"1\" class=\"wc-block-grid wp-block-product-new wp-block-woocommerce-product-new wc-block-product-new has-4-columns\"><ul class=\"wc-block-grid__products\"><li class=\"wc-block-grid__product\">\n\t\t\t\t<a href=\"https:\/\/alternativbutiken.se\/?product=3\" class=\"wc-block-grid__product-link\">\n\t\t\t\t\t\n\t\t\t\t\t<div class=\"wc-block-grid__product-image\"><img fetchpriority=\"high\" decoding=\"async\" width=\"600\" height=\"849\" src=\"https:\/\/alternativbutiken.se\/wp-content\/uploads\/2025\/01\/3-a4-600x849.jpg\" class=\"attachment-woocommerce_thumbnail size-woocommerce_thumbnail\" alt=\"3\" srcset=\"https:\/\/alternativbutiken.se\/wp-content\/uploads\/2025\/01\/3-a4-600x849.jpg 600w, https:\/\/alternativbutiken.se\/wp-content\/uploads\/2025\/01\/3-a4-212x300.jpg 212w, https:\/\/alternativbutiken.se\/wp-content\/uploads\/2025\/01\/3-a4-566x800.jpg 566w, https:\/\/alternativbutiken.se\/wp-content\/uploads\/2025\/01\/3-a4-768x1086.jpg 768w, https:\/\/alternativbutiken.se\/wp-content\/uploads\/2025\/01\/3-a4-1086x1536.jpg 1086w, https:\/\/alternativbutiken.se\/wp-content\/uploads\/2025\/01\/3-a4-1448x2048.jpg 1448w, https:\/\/alternativbutiken.se\/wp-content\/uploads\/2025\/01\/3-a4-1200x1697.jpg 1200w, https:\/\/alternativbutiken.se\/wp-content\/uploads\/2025\/01\/3-a4-150x212.jpg 150w, https:\/\/alternativbutiken.se\/wp-content\/uploads\/2025\/01\/3-a4-scaled.jpg 1810w\" sizes=\"(max-width: 600px) 100vw, 600px\" \/><\/div>\n\t\t\t\t\t<div class=\"wc-block-grid__product-title\">3<\/div>\n\t\t\t\t<\/a>\n\t\t\t\t<div class=\"wc-block-grid__product-price price\"><span class=\"woocommerce-Price-amount amount\">47,00&nbsp;<span class=\"woocommerce-Price-currencySymbol\">&#107;&#114;<\/span><\/span><\/div>\n\t\t\t\t\n\t\t\t\t<div class=\"wp-block-button wc-block-grid__product-add-to-cart\"><a href=\"?add-to-cart=27939\" aria-label=\"L\u00e4gg till i varukorgen: \u201d3\u201d\" data-quantity=\"1\" data-product_id=\"27939\" data-product_sku=\"\" data-price=\"47\" rel=\"nofollow\" class=\"wp-block-button__link  add_to_cart_button ajax_add_to_cart\">L\u00e4gg till i varukorg<\/a><\/div>\n\t\t\t<\/li><li class=\"wc-block-grid__product\">\n\t\t\t\t<a href=\"https:\/\/alternativbutiken.se\/?product=2\" class=\"wc-block-grid__product-link\">\n\t\t\t\t\t\n\t\t\t\t\t<div class=\"wc-block-grid__product-image\"><img decoding=\"async\" width=\"600\" height=\"600\" src=\"https:\/\/alternativbutiken.se\/wp-content\/uploads\/2025\/01\/png-clipart-brand-black-and-white-angle-number-2-text-monochrome-600x600.png\" class=\"attachment-woocommerce_thumbnail size-woocommerce_thumbnail\" alt=\"2\" srcset=\"https:\/\/alternativbutiken.se\/wp-content\/uploads\/2025\/01\/png-clipart-brand-black-and-white-angle-number-2-text-monochrome-600x600.png 600w, https:\/\/alternativbutiken.se\/wp-content\/uploads\/2025\/01\/png-clipart-brand-black-and-white-angle-number-2-text-monochrome-300x300.png 300w, https:\/\/alternativbutiken.se\/wp-content\/uploads\/2025\/01\/png-clipart-brand-black-and-white-angle-number-2-text-monochrome-800x800.png 800w, https:\/\/alternativbutiken.se\/wp-content\/uploads\/2025\/01\/png-clipart-brand-black-and-white-angle-number-2-text-monochrome-150x150.png 150w, https:\/\/alternativbutiken.se\/wp-content\/uploads\/2025\/01\/png-clipart-brand-black-and-white-angle-number-2-text-monochrome-768x768.png 768w, https:\/\/alternativbutiken.se\/wp-content\/uploads\/2025\/01\/png-clipart-brand-black-and-white-angle-number-2-text-monochrome-80x80.png 80w, https:\/\/alternativbutiken.se\/wp-content\/uploads\/2025\/01\/png-clipart-brand-black-and-white-angle-number-2-text-monochrome.png 900w\" sizes=\"(max-width: 600px) 100vw, 600px\" \/><\/div>\n\t\t\t\t\t<div class=\"wc-block-grid__product-title\">2<\/div>\n\t\t\t\t<\/a>\n\t\t\t\t<div class=\"wc-block-grid__product-price price\"><span class=\"woocommerce-Price-amount amount\">85,00&nbsp;<span class=\"woocommerce-Price-currencySymbol\">&#107;&#114;<\/span><\/span><\/div>\n\t\t\t\t\n\t\t\t\t<div class=\"wp-block-button wc-block-grid__product-add-to-cart\"><a href=\"?add-to-cart=27937\" aria-label=\"L\u00e4gg till i varukorgen: \u201d2\u201d\" data-quantity=\"1\" data-product_id=\"27937\" data-product_sku=\"\" data-price=\"85\" rel=\"nofollow\" class=\"wp-block-button__link  add_to_cart_button ajax_add_to_cart\">L\u00e4gg till i varukorg<\/a><\/div>\n\t\t\t<\/li><li class=\"wc-block-grid__product\">\n\t\t\t\t<a href=\"https:\/\/alternativbutiken.se\/?product=1\" class=\"wc-block-grid__product-link\">\n\t\t\t\t\t\n\t\t\t\t\t<div class=\"wc-block-grid__product-image\"><img decoding=\"async\" width=\"600\" height=\"849\" src=\"https:\/\/alternativbutiken.se\/wp-content\/uploads\/2025\/01\/1-a4-600x849.jpg\" class=\"attachment-woocommerce_thumbnail size-woocommerce_thumbnail\" alt=\"1\" srcset=\"https:\/\/alternativbutiken.se\/wp-content\/uploads\/2025\/01\/1-a4-600x849.jpg 600w, https:\/\/alternativbutiken.se\/wp-content\/uploads\/2025\/01\/1-a4-212x300.jpg 212w, https:\/\/alternativbutiken.se\/wp-content\/uploads\/2025\/01\/1-a4-566x800.jpg 566w, https:\/\/alternativbutiken.se\/wp-content\/uploads\/2025\/01\/1-a4-768x1086.jpg 768w, https:\/\/alternativbutiken.se\/wp-content\/uploads\/2025\/01\/1-a4-1086x1536.jpg 1086w, https:\/\/alternativbutiken.se\/wp-content\/uploads\/2025\/01\/1-a4-1448x2048.jpg 1448w, https:\/\/alternativbutiken.se\/wp-content\/uploads\/2025\/01\/1-a4-1200x1697.jpg 1200w, https:\/\/alternativbutiken.se\/wp-content\/uploads\/2025\/01\/1-a4-150x212.jpg 150w, https:\/\/alternativbutiken.se\/wp-content\/uploads\/2025\/01\/1-a4-scaled.jpg 1810w\" sizes=\"(max-width: 600px) 100vw, 600px\" \/><\/div>\n\t\t\t\t\t<div class=\"wc-block-grid__product-title\">1<\/div>\n\t\t\t\t<\/a>\n\t\t\t\t<div class=\"wc-block-grid__product-price price\"><span class=\"woocommerce-Price-amount amount\">56,00&nbsp;<span class=\"woocommerce-Price-currencySymbol\">&#107;&#114;<\/span><\/span><\/div>\n\t\t\t\t\n\t\t\t\t<div class=\"wp-block-button wc-block-grid__product-add-to-cart\"><a href=\"?add-to-cart=27932\" aria-label=\"L\u00e4gg till i varukorgen: \u201d1\u201d\" data-quantity=\"1\" data-product_id=\"27932\" data-product_sku=\"\" data-price=\"56\" rel=\"nofollow\" class=\"wp-block-button__link  add_to_cart_button ajax_add_to_cart\">L\u00e4gg till i varukorg<\/a><\/div>\n\t\t\t<\/li><li class=\"wc-block-grid__product\">\n\t\t\t\t<a href=\"https:\/\/alternativbutiken.se\/?product=bokstaver\" class=\"wc-block-grid__product-link\">\n\t\t\t\t\t\n\t\t\t\t\t<div class=\"wc-block-grid__product-image\"><img loading=\"lazy\" decoding=\"async\" width=\"600\" height=\"450\" src=\"https:\/\/alternativbutiken.se\/wp-content\/uploads\/2025\/01\/abc-600x450.jpg\" class=\"attachment-woocommerce_thumbnail size-woocommerce_thumbnail\" alt=\"Bokst\u00e4ver i alla former\" srcset=\"https:\/\/alternativbutiken.se\/wp-content\/uploads\/2025\/01\/abc-600x450.jpg 600w, https:\/\/alternativbutiken.se\/wp-content\/uploads\/2025\/01\/abc-150x113.jpg 150w, https:\/\/alternativbutiken.se\/wp-content\/uploads\/2025\/01\/abc-1200x900.jpg 1200w, https:\/\/alternativbutiken.se\/wp-content\/uploads\/2025\/01\/abc-400x300.jpg 400w, https:\/\/alternativbutiken.se\/wp-content\/uploads\/2025\/01\/abc-1067x800.jpg 1067w, https:\/\/alternativbutiken.se\/wp-content\/uploads\/2025\/01\/abc-768x576.jpg 768w, https:\/\/alternativbutiken.se\/wp-content\/uploads\/2025\/01\/abc-1536x1152.jpg 1536w, https:\/\/alternativbutiken.se\/wp-content\/uploads\/2025\/01\/abc.jpg 1920w\" sizes=\"(max-width: 600px) 100vw, 600px\" \/><\/div>\n\t\t\t\t\t<div class=\"wc-block-grid__product-title\">Bokst\u00e4ver i alla former<\/div>\n\t\t\t\t<\/a>\n\t\t\t\t<div class=\"wc-block-grid__product-price price\"><span class=\"woocommerce-Price-amount amount\">79,00&nbsp;<span class=\"woocommerce-Price-currencySymbol\">&#107;&#114;<\/span><\/span> &ndash; <span class=\"woocommerce-Price-amount amount\">99,00&nbsp;<span class=\"woocommerce-Price-currencySymbol\">&#107;&#114;<\/span><\/span><\/div>\n\t\t\t\t\n\t\t\t\t<div class=\"wp-block-button wc-block-grid__product-add-to-cart\"><a href=\"https:\/\/alternativbutiken.se\/?product=bokstaver\" aria-label=\"V\u00e4lj alternativ f\u00f6r \u201dBokst\u00e4ver i alla former\u201d\" data-quantity=\"1\" data-product_id=\"27918\" data-product_sku=\"\" data-price=\"79\" rel=\"nofollow\" class=\"wp-block-button__link  add_to_cart_button\">V\u00e4lj alternativ<\/a><\/div>\n\t\t\t<\/li><\/ul><\/div><\/div><\/div>","protected":false},"excerpt":{"rendered":"","protected":false},"author":1,"featured_media":0,"parent":0,"menu_order":0,"comment_status":"closed","ping_status":"closed","template":"","meta":{"footnotes":""},"class_list":["post-9","page","type-page","status-publish","hentry"],"jetpack_sharing_enabled":true,"_links":{"self":[{"href":"https:\/\/alternativbutiken.se\/index.php?rest_route=\/wp\/v2\/pages\/9","targetHints":{"allow":["GET"]}}],"collection":[{"href":"https:\/\/alternativbutiken.se\/index.php?rest_route=\/wp\/v2\/pages"}],"about":[{"href":"https:\/\/alternativbutiken.se\/index.php?rest_route=\/wp\/v2\/types\/page"}],"author":[{"embeddable":true,"href":"https:\/\/alternativbutiken.se\/index.php?rest_route=\/wp\/v2\/users\/1"}],"replies":[{"embeddable":true,"href":"https:\/\/alternativbutiken.se\/index.php?rest_route=%2Fwp%2Fv2%2Fcomments&post=9"}],"version-history":[{"count":0,"href":"https:\/\/alternativbutiken.se\/index.php?rest_route=\/wp\/v2\/pages\/9\/revisions"}],"wp:attachment":[{"href":"https:\/\/alternativbutiken.se\/index.php?rest_route=%2Fwp%2Fv2%2Fmedia&parent=9"}],"curies":[{"name":"wp","href":"https:\/\/api.w.org\/{rel}","templated":true}]}}